{"id":2589,"date":"2024-06-20T19:03:01","date_gmt":"2024-06-20T16:03:01","guid":{"rendered":"https:\/\/glanzklarnikos.de\/?page_id=2589"},"modified":"2024-06-20T19:04:26","modified_gmt":"2024-06-20T16:04:26","slug":"privacy-policy","status":"publish","type":"page","link":"https:\/\/glanzklarnikos.de\/en\/privacy-policy\/","title":{"rendered":"Privacy Policy"},"content":{"rendered":"<div data-elementor-type=\"wp-page\" data-elementor-id=\"2589\" class=\"elementor elementor-2589\">\n\t\t\t\t<div class=\"elementor-element elementor-element-73c6289 e-flex e-con-boxed e-con e-parent\" data-id=\"73c6289\" data-element_type=\"container\" data-e-type=\"container\">\n\t\t\t\t\t<div class=\"e-con-inner\">\n\t\t\t\t<div class=\"elementor-element elementor-element-562ecce elementor-widget elementor-widget-text-editor\" data-id=\"562ecce\" data-element_type=\"widget\" data-e-type=\"widget\" data-widget_type=\"text-editor.default\">\n\t\t\t\t<div class=\"elementor-widget-container\">\n\t\t\t\t\t\t\t\t\t<h1><strong>Privacy Policy<\/strong><\/h1><p>\u00a0<\/p><p><strong>Business Information:<\/strong><\/p><ul><li>Website Name: <a href=\"https:\/\/glanzklarnikos.de\/en\/\" target=\"_new\" rel=\"noreferrer\">https:\/\/glanzklarnikos.de\/<\/a><\/li><li>Address: Gabelsbergerstra\u00dfe 27, 35037 Marburg, Deutschland<\/li><li>Contact Email for Privacy Inquiries: <a rel=\"noreferrer\">glanzklarnikos@gmail.com<\/a><\/li><\/ul><p><strong>Data Collection:<\/strong><\/p><ul><li>No personal data is actively collected. Information provided through the contact form is only used to respond to inquiries and is not stored or used for any other purpose.<\/li><li>The website uses one functional, necessary cookie (<code>WpEmojiSettingsSupports<\/code>) to store browser details, which expires at the end of the session and does not store any personal data.<\/li><\/ul><p><strong>Data Sharing and Disclosure:<\/strong><\/p><ul><li>No data is shared with third parties.<\/li><\/ul><p><strong>Data Storage and Security:<\/strong><\/p><ul><li>No data is stored from the website&#8217;s side. The <code>WpEmojiSettingsSupports<\/code> cookie is stored in the user&#8217;s browser until the end of the session.<\/li><\/ul><p><strong>User Rights and Choices:<\/strong><\/p><ul><li>Users do not have specific rights regarding data collected through the website. They can manage cookies through their browser settings.<\/li><\/ul><p><strong>Changes to the Privacy Policy:<\/strong><\/p><ul><li>Users are encouraged to review the privacy policy each time they visit the website. The policy will be updated whenever there are changes to the website&#8217;s functionality.<\/li><li>Last Update: The privacy policy has not been updated before. Future updates will coincide with changes to website functionality.<\/li><\/ul><p><strong>Contact Information:<\/strong><\/p><ul><li>For any questions or concerns regarding the privacy policy, please contact <a rel=\"noreferrer\">glanzklarnikos@gmail.com<\/a>.<\/li><\/ul>\t\t\t\t\t\t\t\t<\/div>\n\t\t\t\t<\/div>\n\t\t\t\t\t<\/div>\n\t\t\t\t<\/div>\n\t\t\t\t<\/div>","protected":false},"excerpt":{"rendered":"<p>Privacy Policy \u00a0 Business Information: Website Name: https:\/\/glanzklarnikos.de\/ Address: Gabelsbergerstra\u00dfe 27, 35037 Marburg, Deutschland Contact Email for Privacy Inquiries: glanzklarnikos@gmail.com Data Collection: No personal data is actively collected. Information provided through the contact form is only used to respond to inquiries and is not stored or used for any other purpose. The website uses one [&hellip;]<\/p>\n","protected":false},"author":2,"featured_media":0,"parent":0,"menu_order":0,"comment_status":"closed","ping_status":"closed","template":"","meta":{"_uag_custom_page_level_css":"","site-sidebar-layout":"no-sidebar","site-content-layout":"page-builder","ast-site-content-layout":"full-width-container","site-content-style":"default","site-sidebar-style":"default","ast-global-header-display":"","ast-banner-title-visibility":"","ast-main-header-display":"","ast-hfb-above-header-display":"","ast-hfb-below-header-display":"","ast-hfb-mobile-header-display":"","site-post-title":"","ast-breadcrumbs-content":"","ast-featured-img":"disabled","footer-sml-layout":"","ast-disable-related-posts":"","theme-transparent-header-meta":"","adv-header-id-meta":"","stick-header-meta":"","header-above-stick-meta":"","header-main-stick-meta":"","header-below-stick-meta":"","astra-migrate-meta-layouts":"set","ast-page-background-enabled":"default","ast-page-background-meta":{"desktop":{"background-color":"","background-image":"","background-repeat":"repeat","background-position":"center center","background-size":"auto","background-attachment":"scroll","background-type":"","background-media":"","overlay-type":"","overlay-color":"","overlay-opacity":"","overlay-gradient":""},"tablet":{"background-color":"","background-image":"","background-repeat":"repeat","background-position":"center center","background-size":"auto","background-attachment":"scroll","background-type":"","background-media":"","overlay-type":"","overlay-color":"","overlay-opacity":"","overlay-gradient":""},"mobile":{"background-color":"","background-image":"","background-repeat":"repeat","background-position":"center center","background-size":"auto","background-attachment":"scroll","background-type":"","background-media":"","overlay-type":"","overlay-color":"","overlay-opacity":"","overlay-gradient":""}},"ast-content-background-meta":{"desktop":{"background-color":"var(--ast-global-color-5)","background-image":"","background-repeat":"repeat","background-position":"center center","background-size":"auto","background-attachment":"scroll","background-type":"","background-media":"","overlay-type":"","overlay-color":"","overlay-opacity":"","overlay-gradient":""},"tablet":{"background-color":"var(--ast-global-color-5)","background-image":"","background-repeat":"repeat","background-position":"center center","background-size":"auto","background-attachment":"scroll","background-type":"","background-media":"","overlay-type":"","overlay-color":"","overlay-opacity":"","overlay-gradient":""},"mobile":{"background-color":"var(--ast-global-color-5)","background-image":"","background-repeat":"repeat","background-position":"center center","background-size":"auto","background-attachment":"scroll","background-type":"","background-media":"","overlay-type":"","overlay-color":"","overlay-opacity":"","overlay-gradient":""}},"footnotes":""},"class_list":["post-2589","page","type-page","status-publish","hentry"],"yoast_head":"<!-- This site is optimized with the Yoast SEO plugin v27.4 - https:\/\/yoast.com\/product\/yoast-seo-wordpress\/ -->\n<title>Privacy Policy - Glanzklarnikos<\/title>\n<meta name=\"robots\" content=\"index, follow, max-snippet:-1, max-image-preview:large, max-video-preview:-1\" \/>\n<link rel=\"canonical\" href=\"https:\/\/glanzklarnikos.de\/en\/privacy-policy\/\" \/>\n<meta property=\"og:locale\" content=\"en_GB\" \/>\n<meta property=\"og:type\" content=\"article\" \/>\n<meta property=\"og:title\" content=\"Privacy Policy - Glanzklarnikos\" \/>\n<meta property=\"og:description\" content=\"Privacy Policy \u00a0 Business Information: Website Name: https:\/\/glanzklarnikos.de\/ Address: Gabelsbergerstra\u00dfe 27, 35037 Marburg, Deutschland Contact Email for Privacy Inquiries: glanzklarnikos@gmail.com Data Collection: No personal data is actively collected. Information provided through the contact form is only used to respond to inquiries and is not stored or used for any other purpose. The website uses one [&hellip;]\" \/>\n<meta property=\"og:url\" content=\"https:\/\/glanzklarnikos.de\/en\/privacy-policy\/\" \/>\n<meta property=\"og:site_name\" content=\"Glanzklarnikos\" \/>\n<meta property=\"article:modified_time\" content=\"2024-06-20T16:04:26+00:00\" \/>\n<meta name=\"twitter:card\" content=\"summary_large_image\" \/>\n<meta name=\"twitter:label1\" content=\"Estimated reading time\" \/>\n\t<meta name=\"twitter:data1\" content=\"1 minute\" \/>\n<script type=\"application\/ld+json\" class=\"yoast-schema-graph\">{\"@context\":\"https:\\\/\\\/schema.org\",\"@graph\":[{\"@type\":\"WebPage\",\"@id\":\"https:\\\/\\\/glanzklarnikos.de\\\/privacy-policy\\\/\",\"url\":\"https:\\\/\\\/glanzklarnikos.de\\\/privacy-policy\\\/\",\"name\":\"Privacy Policy - Glanzklarnikos\",\"isPartOf\":{\"@id\":\"https:\\\/\\\/glanzklarnikos.de\\\/#website\"},\"datePublished\":\"2024-06-20T16:03:01+00:00\",\"dateModified\":\"2024-06-20T16:04:26+00:00\",\"breadcrumb\":{\"@id\":\"https:\\\/\\\/glanzklarnikos.de\\\/privacy-policy\\\/#breadcrumb\"},\"inLanguage\":\"en-GB\",\"potentialAction\":[{\"@type\":\"ReadAction\",\"target\":[\"https:\\\/\\\/glanzklarnikos.de\\\/privacy-policy\\\/\"]}]},{\"@type\":\"BreadcrumbList\",\"@id\":\"https:\\\/\\\/glanzklarnikos.de\\\/privacy-policy\\\/#breadcrumb\",\"itemListElement\":[{\"@type\":\"ListItem\",\"position\":1,\"name\":\"Home\",\"item\":\"https:\\\/\\\/glanzklarnikos.de\\\/\"},{\"@type\":\"ListItem\",\"position\":2,\"name\":\"Privacy Policy\"}]},{\"@type\":\"WebSite\",\"@id\":\"https:\\\/\\\/glanzklarnikos.de\\\/#website\",\"url\":\"https:\\\/\\\/glanzklarnikos.de\\\/\",\"name\":\"Glanzklarnikos\",\"description\":\"Dieses Unternehmen bietet Dienstleistungen in folgenden Branchen an: Glasfl\u00e4chen. Geb\u00e4ude. B\u00fcros. Wohnungen\",\"publisher\":{\"@id\":\"https:\\\/\\\/glanzklarnikos.de\\\/#\\\/schema\\\/person\\\/e9a7f0d9df8e3c70d33214927c51cd97\"},\"potentialAction\":[{\"@type\":\"SearchAction\",\"target\":{\"@type\":\"EntryPoint\",\"urlTemplate\":\"https:\\\/\\\/glanzklarnikos.de\\\/?s={search_term_string}\"},\"query-input\":{\"@type\":\"PropertyValueSpecification\",\"valueRequired\":true,\"valueName\":\"search_term_string\"}}],\"inLanguage\":\"en-GB\"},{\"@type\":[\"Person\",\"Organization\"],\"@id\":\"https:\\\/\\\/glanzklarnikos.de\\\/#\\\/schema\\\/person\\\/e9a7f0d9df8e3c70d33214927c51cd97\",\"name\":\"glanzklarnikos@gmail.com\",\"image\":{\"@type\":\"ImageObject\",\"inLanguage\":\"en-GB\",\"@id\":\"https:\\\/\\\/glanzklarnikos.de\\\/wp-content\\\/uploads\\\/2024\\\/06\\\/logo-eclipse.png\",\"url\":\"https:\\\/\\\/glanzklarnikos.de\\\/wp-content\\\/uploads\\\/2024\\\/06\\\/logo-eclipse.png\",\"contentUrl\":\"https:\\\/\\\/glanzklarnikos.de\\\/wp-content\\\/uploads\\\/2024\\\/06\\\/logo-eclipse.png\",\"width\":443,\"height\":442,\"caption\":\"glanzklarnikos@gmail.com\"},\"logo\":{\"@id\":\"https:\\\/\\\/glanzklarnikos.de\\\/wp-content\\\/uploads\\\/2024\\\/06\\\/logo-eclipse.png\"},\"sameAs\":[\"http:\\\/\\\/glanzklarnikos.de\"]}]}<\/script>\n<!-- \/ Yoast SEO plugin. -->","yoast_head_json":{"title":"Privacy Policy - Glanzklarnikos","robots":{"index":"index","follow":"follow","max-snippet":"max-snippet:-1","max-image-preview":"max-image-preview:large","max-video-preview":"max-video-preview:-1"},"canonical":"https:\/\/glanzklarnikos.de\/en\/privacy-policy\/","og_locale":"en_GB","og_type":"article","og_title":"Privacy Policy - Glanzklarnikos","og_description":"Privacy Policy \u00a0 Business Information: Website Name: https:\/\/glanzklarnikos.de\/ Address: Gabelsbergerstra\u00dfe 27, 35037 Marburg, Deutschland Contact Email for Privacy Inquiries: glanzklarnikos@gmail.com Data Collection: No personal data is actively collected. Information provided through the contact form is only used to respond to inquiries and is not stored or used for any other purpose. The website uses one [&hellip;]","og_url":"https:\/\/glanzklarnikos.de\/en\/privacy-policy\/","og_site_name":"Glanzklarnikos","article_modified_time":"2024-06-20T16:04:26+00:00","twitter_card":"summary_large_image","twitter_misc":{"Estimated reading time":"1 minute"},"schema":{"@context":"https:\/\/schema.org","@graph":[{"@type":"WebPage","@id":"https:\/\/glanzklarnikos.de\/privacy-policy\/","url":"https:\/\/glanzklarnikos.de\/privacy-policy\/","name":"Privacy Policy - Glanzklarnikos","isPartOf":{"@id":"https:\/\/glanzklarnikos.de\/#website"},"datePublished":"2024-06-20T16:03:01+00:00","dateModified":"2024-06-20T16:04:26+00:00","breadcrumb":{"@id":"https:\/\/glanzklarnikos.de\/privacy-policy\/#breadcrumb"},"inLanguage":"en-GB","potentialAction":[{"@type":"ReadAction","target":["https:\/\/glanzklarnikos.de\/privacy-policy\/"]}]},{"@type":"BreadcrumbList","@id":"https:\/\/glanzklarnikos.de\/privacy-policy\/#breadcrumb","itemListElement":[{"@type":"ListItem","position":1,"name":"Home","item":"https:\/\/glanzklarnikos.de\/"},{"@type":"ListItem","position":2,"name":"Privacy Policy"}]},{"@type":"WebSite","@id":"https:\/\/glanzklarnikos.de\/#website","url":"https:\/\/glanzklarnikos.de\/","name":"Glanzklarnikos","description":"Dieses Unternehmen bietet Dienstleistungen in folgenden Branchen an: Glasfl\u00e4chen. Geb\u00e4ude. B\u00fcros. Wohnungen","publisher":{"@id":"https:\/\/glanzklarnikos.de\/#\/schema\/person\/e9a7f0d9df8e3c70d33214927c51cd97"},"potentialAction":[{"@type":"SearchAction","target":{"@type":"EntryPoint","urlTemplate":"https:\/\/glanzklarnikos.de\/?s={search_term_string}"},"query-input":{"@type":"PropertyValueSpecification","valueRequired":true,"valueName":"search_term_string"}}],"inLanguage":"en-GB"},{"@type":["Person","Organization"],"@id":"https:\/\/glanzklarnikos.de\/#\/schema\/person\/e9a7f0d9df8e3c70d33214927c51cd97","name":"glanzklarnikos@gmail.com","image":{"@type":"ImageObject","inLanguage":"en-GB","@id":"https:\/\/glanzklarnikos.de\/wp-content\/uploads\/2024\/06\/logo-eclipse.png","url":"https:\/\/glanzklarnikos.de\/wp-content\/uploads\/2024\/06\/logo-eclipse.png","contentUrl":"https:\/\/glanzklarnikos.de\/wp-content\/uploads\/2024\/06\/logo-eclipse.png","width":443,"height":442,"caption":"glanzklarnikos@gmail.com"},"logo":{"@id":"https:\/\/glanzklarnikos.de\/wp-content\/uploads\/2024\/06\/logo-eclipse.png"},"sameAs":["http:\/\/glanzklarnikos.de"]}]}},"uagb_featured_image_src":{"full":false,"thumbnail":false,"medium":false,"medium_large":false,"large":false,"1536x1536":false,"2048x2048":false,"trp-custom-language-flag":false},"uagb_author_info":{"display_name":"Pelopidas Kefalianos","author_link":"https:\/\/glanzklarnikos.de\/en\/author\/pkgrfx\/"},"uagb_comment_info":0,"uagb_excerpt":"Privacy Policy \u00a0 Business Information: Website Name: https:\/\/glanzklarnikos.de\/ Address: Gabelsbergerstra\u00dfe 27, 35037 Marburg, Deutschland Contact Email for Privacy Inquiries: glanzklarnikos@gmail.com Data Collection: No personal data is actively collected. Information provided through the contact form is only used to respond to inquiries and is not stored or used for any other purpose. The website uses one&hellip;","_links":{"self":[{"href":"https:\/\/glanzklarnikos.de\/en\/wp-json\/wp\/v2\/pages\/2589","targetHints":{"allow":["GET"]}}],"collection":[{"href":"https:\/\/glanzklarnikos.de\/en\/wp-json\/wp\/v2\/pages"}],"about":[{"href":"https:\/\/glanzklarnikos.de\/en\/wp-json\/wp\/v2\/types\/page"}],"author":[{"embeddable":true,"href":"https:\/\/glanzklarnikos.de\/en\/wp-json\/wp\/v2\/users\/2"}],"replies":[{"embeddable":true,"href":"https:\/\/glanzklarnikos.de\/en\/wp-json\/wp\/v2\/comments?post=2589"}],"version-history":[{"count":4,"href":"https:\/\/glanzklarnikos.de\/en\/wp-json\/wp\/v2\/pages\/2589\/revisions"}],"predecessor-version":[{"id":2594,"href":"https:\/\/glanzklarnikos.de\/en\/wp-json\/wp\/v2\/pages\/2589\/revisions\/2594"}],"wp:attachment":[{"href":"https:\/\/glanzklarnikos.de\/en\/wp-json\/wp\/v2\/media?parent=2589"}],"curies":[{"name":"wp","href":"https:\/\/api.w.org\/{rel}","templated":true}]}}